{"id":179,"date":"2024-03-07T14:44:19","date_gmt":"2024-03-07T13:44:19","guid":{"rendered":"https:\/\/augenoptik-christian.de\/augenoptik\/?page_id=179"},"modified":"2025-09-13T13:29:11","modified_gmt":"2025-09-13T11:29:11","slug":"brillenabo-3-0-finanzierung-null-zinsen","status":"publish","type":"page","link":"https:\/\/augenoptik-christian.de\/augenoptik\/brillenabo-3-0-finanzierung-null-zinsen\/","title":{"rendered":"BRILLENABO 3.0 \u2013 FINANZIERUNG\u00a0NULL % ZINSEN"},"content":{"rendered":"<p>[et_pb_section fb_built=&#8220;1&#8243; _builder_version=&#8220;4.24.2&#8243; _module_preset=&#8220;default&#8220; background_image=&#8220;https:\/\/augenoptik-christian.de\/augenoptik\/wp-content\/uploads\/2024\/03\/finanzierung.jpg&#8220; global_colors_info=&#8220;{}&#8220;][et_pb_row column_structure=&#8220;3_4,1_4&#8243; _builder_version=&#8220;4.24.2&#8243; _module_preset=&#8220;default&#8220; global_colors_info=&#8220;{}&#8220;][et_pb_column type=&#8220;3_4&#8243; _builder_version=&#8220;4.24.2&#8243; _module_preset=&#8220;default&#8220; global_colors_info=&#8220;{}&#8220;][et_pb_text _builder_version=&#8220;4.24.2&#8243; _module_preset=&#8220;default&#8220; text_font=&#8220;|||||on|||&#8220; global_colors_info=&#8220;{}&#8220;]<\/p>\n<h1>0 % Brillen Finanzierung<\/h1>\n<p>[\/et_pb_text][et_pb_text _builder_version=&#8220;4.27.0&#8243; _module_preset=&#8220;default&#8220; background_enable_image=&#8220;off&#8220; hover_enabled=&#8220;0&#8243; global_colors_info=&#8220;{}&#8220; sticky_enabled=&#8220;0&#8243;]<\/p>\n<h3><span my=\"my\">ODER \u00dcBER DIE IKANO BANK<\/span><\/h3>\n<p><strong><span my=\"my\">Suchen Sie sich wie gewohnt\u00a0Ihre neue Brille aus.<\/span><\/strong><\/p>\n<p><span my=\"my\"><img loading=\"lazy\" decoding=\"async\" src=\"https:\/\/augenoptik-christian.de\/augenoptik\/wp-content\/uploads\/2024\/03\/ikano-300x127.png\" width=\"300\" height=\"127\" alt=\"\" class=\"wp-image-183 alignright size-medium\" srcset=\"https:\/\/augenoptik-christian.de\/augenoptik\/wp-content\/uploads\/2024\/03\/ikano-300x127.png 300w, https:\/\/augenoptik-christian.de\/augenoptik\/wp-content\/uploads\/2024\/03\/ikano.png 345w\" sizes=\"(max-width: 300px) 100vw, 300px\" \/>Zahlen Sie aber<span>\u00a0<\/span><\/span><strong><span my=\"my\">nicht in bar<\/span><\/strong><span my=\"my\"><span>\u00a0<\/span>und belasten Ihr Konto mit einer hohen Einmalausgabe!<\/span><\/p>\n<p><span my=\"my\">Stattdessen<span>\u00a0<\/span><\/span><strong><span my=\"my\">zahlen Sie bequem\u00a0<\/span><\/strong><span my=\"my\">in 6, 12 oder 24 Monatsraten.<\/span><\/p>\n<p><strong><span my=\"my\">Zinsen und Geb\u00fchren fallen keine an!<\/span><\/strong><\/p>\n<p><span my=\"my\">F\u00fcr den Abo-Antrag ben\u00f6tigen wir Ihren\u00a0<\/span><strong><span my=\"my\">Personalausweis<\/span><\/strong><span my=\"my\"><span>\u00a0<\/span>und Ihre<span>\u00a0<\/span><\/span><strong><span my=\"my\">Bankverbindung<\/span><\/strong><span my=\"my\">.<\/span><\/p>\n<p><span my=\"my\">Den Antrag f\u00fcllen wir gemeinsam mit Ihnen\u00a0am Computer aus. Unser Partner f\u00fcr das Brillenabo ist die<span>\u00a0<\/span><\/span><strong><span my=\"my\">IKANO-Bank<\/span><\/strong><span my=\"my\">.<\/span><\/p>\n<p><span my=\"my\">Der Betrag wird dann (Bonit\u00e4t vorausgesetzt)\u00a0bequem<span>\u00a0<\/span><\/span><strong><span my=\"my\">monatlich<\/span><\/strong><span my=\"my\"><span>\u00a0<\/span>von Ihrem Konto<span>\u00a0<\/span><\/span><strong><span my=\"my\">abgebucht<\/span><\/strong><span my=\"my\">.<\/span><\/p>\n<p><strong><span my=\"my\">Zum Ende der Laufzeit entscheiden Sie dann selbst:<span>\u00a0<\/span><\/span><\/strong><span my=\"my\">Die aktuelle Brille noch eine Weile weitertragen oder Abo verl\u00e4ngern und sich eine\u00a0schicke neue Brille aussuchen.<\/span><\/p>\n<p><span my=\"my\">Nat\u00fcrlich k\u00f6nnen Sie das Brillenabo auch f\u00fcr eine<span>\u00a0<\/span><\/span><strong><span my=\"my\">Zweitbrille, Sonnenbrille<span>\u00a0<\/span><\/span><\/strong><strong><span my=\"my\">oder<span>\u00a0<\/span><\/span><\/strong><strong><span my=\"my\">Sportbrille<\/span><\/strong><strong><span my=\"my\"><span>\u00a0<\/span>nutzen.<\/span><\/strong><\/p>\n<p><span><strong><span my=\"my\">Zum Erfassungsbogen:<\/span><\/strong>\u00a0<a href=\"http:\/\/brille-wetzlar.de\/Efassungsbogen_Ikano.pdf\" target=\"_blank\" rel=\"noopener\"><span my=\"my\">click hier<\/span><\/a><\/span><\/p>\n<p>[\/et_pb_text][et_pb_text _builder_version=&#8220;4.27.0&#8243; _module_preset=&#8220;default&#8220; hover_enabled=&#8220;0&#8243; global_colors_info=&#8220;{}&#8220; sticky_enabled=&#8220;0&#8243;]<\/p>\n<h3 id=\"firstModule\"><span><span my=\"my\">ABO 24<\/span><\/span><\/h3>\n<h4><span><span my=\"my\">LIZENZIERTER PARTNER VON GESUNDHEITSABO24<\/span><\/span><\/h4>\n<p><span><span my=\"my\"><img loading=\"lazy\" decoding=\"async\" src=\"https:\/\/augenoptik-christian.de\/augenoptik\/wp-content\/uploads\/2024\/03\/brillenabo2.png\" width=\"275\" height=\"183\" alt=\"\" class=\"wp-image-182 alignright size-full\" \/>Wir sind einer von \u00fcber hundert lizenzierten Partnern von GesundheitsABO 24. Mit dieser Partnerschaft ist es m\u00f6glich, dass Sie sich Ihr Wunschprodukt leisten k\u00f6nnen, indem Sie es bequem in monatlichen Teilsummen zahlen.<\/span><\/span><\/p>\n<p><span><strong><span my=\"my\">Wie funktioniert das?<\/span><\/strong><\/span><br \/><span><span my=\"my\">Sie lassen sich von uns beraten und suchen sich Ihre Wunschbrille aus.<\/span><\/span><\/p>\n<p><span><strong><span my=\"my\">Sie k\u00f6nnen nun den Barpreis\u00a0begleichen oder vom GesundheitsABO24 profitieren:<\/span><\/strong><span my=\"my\">\u00a0In diesem Fall bezahlen Sie Ihre Brille in 6, 12, oder 24 \u00a0gleichen Teilsummen, ganz ohne Zinsen oder Geb\u00fchren. Teilen Sie einfach die Kaufsumme durch die Anzahl der Monate.<\/span><\/span><\/p>\n<p><span><span my=\"my\">Sobald Sie sich entschieden haben, startet direkt vor Ort, ganz diskret und noch w\u00e4hrend Sie im Laden sind, eine Bonit\u00e4tsabfrage. Sie bekommen sofort eine Zusage und einen Abo-Vertrag ausgeh\u00e4ndigt. Einige Tage sp\u00e4ter k\u00f6nnen Sie Ihre neue Brille abholen.<\/span><\/span><\/p>\n<p><span><span my=\"my\">Sie erhalten schlie\u00dflich noch Post mit einigen Informationen von unserem Partner Optica Abrechnungszentrum Dr. G\u00fcldener GmbH. Die Zahlung erfolgt \u00fcber einen Dauerauftrag, den Sie Ihrer Bank erteilen. Es wird keine Abbuchungserlaubnis ben\u00f6tigt. Damit ist schon alles erledigt!<\/span><\/span><\/p>\n<p><span><span my=\"my\">Nach Ende der Laufzeit ist Ihre Brille bezahlt und geh\u00f6rt nat\u00fcrlich\u00a0Ihnen. Sie k\u00f6nnen sich aber, wenn gew\u00fcnscht,\u00a0etwas Neues,\u00a0Aktuelles\u00a0aussuchen und ein neues GesundheitsABO24 abschlie\u00dfen.<\/span><\/span><br \/><span><span my=\"my\">So sind Sie in Sachen Optik immer auf dem neuesten Stand.<\/span><\/span><\/p>\n<p><span><span my=\"my\">Mehr erfahren Sie unter\u00a0<\/span><a href=\"http:\/\/www.gesundheitsabo24.de\/\" target=\"_blank\" rel=\"follow noopener\"><span my=\"my\">www.gesundheitsabo24.de<\/span><\/a><\/span><\/p>\n<p><span><strong><span my=\"my\">Zum Erfassungsbogen:<\/span><\/strong>\u00a0<a href=\"http:\/\/brille-wetzlar.de\/Efassungsbogen_Ikano.pdf\" target=\"_blank\" rel=\"noopener\"><span my=\"my\">click hier<\/span><\/a><\/span><\/p>\n<p>[\/et_pb_text][\/et_pb_column][et_pb_column type=&#8220;1_4&#8243; _builder_version=&#8220;4.24.2&#8243; _module_preset=&#8220;default&#8220; global_colors_info=&#8220;{}&#8220;][et_pb_sidebar _builder_version=&#8220;4.24.2&#8243; _module_preset=&#8220;default&#8220; global_colors_info=&#8220;{}&#8220;][\/et_pb_sidebar][\/et_pb_column][\/et_pb_row][et_pb_row _builder_version=&#8220;4.24.2&#8243; _module_preset=&#8220;default&#8220; global_colors_info=&#8220;{}&#8220;][et_pb_column type=&#8220;4_4&#8243; _builder_version=&#8220;4.24.2&#8243; _module_preset=&#8220;default&#8220; global_colors_info=&#8220;{}&#8220;][\/et_pb_column][\/et_pb_row][\/et_pb_section]<\/p>\n","protected":false},"excerpt":{"rendered":"<p>0 % Brillen FinanzierungODER \u00dcBER DIE IKANO BANK Suchen Sie sich wie gewohnt\u00a0Ihre neue Brille aus. Zahlen Sie aber\u00a0nicht in bar\u00a0und belasten Ihr Konto mit einer hohen Einmalausgabe! Stattdessen\u00a0zahlen Sie bequem\u00a0in 6, 12 oder 24 Monatsraten. Zinsen und Geb\u00fchren fallen keine an! F\u00fcr den Abo-Antrag ben\u00f6tigen wir Ihren\u00a0Personalausweis\u00a0und Ihre\u00a0Bankverbindung. Den Antrag f\u00fcllen wir gemeinsam mit [&hellip;]<\/p>\n","protected":false},"author":1,"featured_media":0,"parent":0,"menu_order":0,"comment_status":"closed","ping_status":"closed","template":"","meta":{"_et_pb_use_builder":"on","_et_pb_old_content":"","_et_gb_content_width":"","footnotes":""},"class_list":["post-179","page","type-page","status-publish","hentry"],"_links":{"self":[{"href":"https:\/\/augenoptik-christian.de\/augenoptik\/wp-json\/wp\/v2\/pages\/179","targetHints":{"allow":["GET"]}}],"collection":[{"href":"https:\/\/augenoptik-christian.de\/augenoptik\/wp-json\/wp\/v2\/pages"}],"about":[{"href":"https:\/\/augenoptik-christian.de\/augenoptik\/wp-json\/wp\/v2\/types\/page"}],"author":[{"embeddable":true,"href":"https:\/\/augenoptik-christian.de\/augenoptik\/wp-json\/wp\/v2\/users\/1"}],"replies":[{"embeddable":true,"href":"https:\/\/augenoptik-christian.de\/augenoptik\/wp-json\/wp\/v2\/comments?post=179"}],"version-history":[{"count":8,"href":"https:\/\/augenoptik-christian.de\/augenoptik\/wp-json\/wp\/v2\/pages\/179\/revisions"}],"predecessor-version":[{"id":453,"href":"https:\/\/augenoptik-christian.de\/augenoptik\/wp-json\/wp\/v2\/pages\/179\/revisions\/453"}],"wp:attachment":[{"href":"https:\/\/augenoptik-christian.de\/augenoptik\/wp-json\/wp\/v2\/media?parent=179"}],"curies":[{"name":"wp","href":"https:\/\/api.w.org\/{rel}","templated":true}]}}