{"id":216,"date":"2024-03-08T12:28:47","date_gmt":"2024-03-08T11:28:47","guid":{"rendered":"https:\/\/augenoptik-christian.de\/augenoptik\/?page_id=216"},"modified":"2024-03-08T12:28:47","modified_gmt":"2024-03-08T11:28:47","slug":"lupen-und-lesehilfen","status":"publish","type":"page","link":"https:\/\/augenoptik-christian.de\/augenoptik\/lupen-und-lesehilfen\/","title":{"rendered":"Lupen und Lesehilfen"},"content":{"rendered":"<p>[et_pb_section fb_built=&#8220;1&#8243; theme_builder_area=&#8220;post_content&#8220; _builder_version=&#8220;4.24.2&#8243; _module_preset=&#8220;default&#8220; title_text=&#8220;lesehilfe&#8220; background_image=&#8220;https:\/\/augenoptik-christian.de\/augenoptik\/wp-content\/uploads\/2024\/03\/lesehilfe.jpg&#8220; hover_enabled=&#8220;0&#8243; sticky_enabled=&#8220;0&#8243;][et_pb_row _builder_version=&#8220;4.24.2&#8243; _module_preset=&#8220;default&#8220; column_structure=&#8220;3_4,1_4&#8243; theme_builder_area=&#8220;post_content&#8220;][et_pb_column _builder_version=&#8220;4.24.2&#8243; _module_preset=&#8220;default&#8220; type=&#8220;3_4&#8243; theme_builder_area=&#8220;post_content&#8220;][et_pb_text _builder_version=&#8220;4.24.2&#8243; _module_preset=&#8220;default&#8220; theme_builder_area=&#8220;post_content&#8220; text_font=&#8220;|||||on|||&#8220; hover_enabled=&#8220;0&#8243; sticky_enabled=&#8220;0&#8243;]<\/p>\n<h1><span><strong><span my=\"my\">Lupen und Lesehilfen<\/span><\/strong><\/span><\/h1>\n<p>[\/et_pb_text][et_pb_text _builder_version=&#8220;4.24.2&#8243; _module_preset=&#8220;default&#8220; theme_builder_area=&#8220;post_content&#8220; hover_enabled=&#8220;0&#8243; sticky_enabled=&#8220;0&#8243;]<\/p>\n<p><span><span my=\"my\"><img loading=\"lazy\" decoding=\"async\" src=\"https:\/\/augenoptik-christian.de\/augenoptik\/wp-content\/uploads\/2024\/03\/Fotolia_120814918_M-300x200.jpg\" width=\"300\" height=\"200\" alt=\"\" class=\"wp-image-159 alignright size-medium\" \/>Manchmal ist eine Brille nicht die L\u00f6sung \u2026 manchmal muss es etwas mehr sein. \u2026 nicht immer erst im fortgeschrittenen Alter<\/span><\/span><\/p>\n<p><span><span my=\"my\">Die ad\u00e4quate Beleuchtung und die richtige Schriftgr\u00f6sse spielen eine wesentliche Rolle f\u00fcr die Sehleistung. Wir beraten Sie gerne \u00fcber die vielen M\u00f6glichkeiten Ihre Augen zu unterst\u00fctzen. Bei allt\u00e4glichen Situationen, wie beim Einkaufen, der Hausarbeit, der Orientierung, beim Hobby \u2026 Basteln, Handarbeiten, Kreuzwortr\u00e4tseln oder beim Modellbau.<\/span><\/span><\/p>\n<p><span><strong><span my=\"my\">Hersteller:<\/span><\/strong><\/span><\/p>\n<p><span><span my=\"my\">Eschenbach, Schweitzer und Zeiss<\/span><\/span><\/p>\n<hr \/>\n<p><span><span my=\"my\">Wenn Ihnen eine einfache Lupe nicht mehr ausreicht, dann sehen Sie sich doch einmal bei\u00a0<\/span><strong><a href=\"http:\/\/www.blista.de\/res\/lowvision.php\" target=\"_blank\" rel=\"noopener\"><span my=\"my\">Blista<\/span><\/a><\/strong><span my=\"my\">\u00a0um.<\/span><\/span><\/p>\n<p><span><span my=\"my\">Dort kann Ihnen mit einer noch gr\u00f6sseren Auswahl an LOW VISION Ger\u00e4ten geholfen werden!<\/span><\/span><\/p>\n<p>[\/et_pb_text][\/et_pb_column][et_pb_column _builder_version=&#8220;4.24.2&#8243; _module_preset=&#8220;default&#8220; type=&#8220;1_4&#8243; theme_builder_area=&#8220;post_content&#8220;][et_pb_sidebar _builder_version=&#8220;4.24.2&#8243; _module_preset=&#8220;default&#8220; theme_builder_area=&#8220;post_content&#8220; hover_enabled=&#8220;0&#8243; sticky_enabled=&#8220;0&#8243;][\/et_pb_sidebar][\/et_pb_column][\/et_pb_row][\/et_pb_section]<\/p>\n","protected":false},"excerpt":{"rendered":"<p>Lupen und LesehilfenManchmal ist eine Brille nicht die L\u00f6sung \u2026 manchmal muss es etwas mehr sein. \u2026 nicht immer erst im fortgeschrittenen Alter Die ad\u00e4quate Beleuchtung und die richtige Schriftgr\u00f6sse spielen eine wesentliche Rolle f\u00fcr die Sehleistung. Wir beraten Sie gerne \u00fcber die vielen M\u00f6glichkeiten Ihre Augen zu unterst\u00fctzen. Bei allt\u00e4glichen Situationen, wie beim Einkaufen, [&hellip;]<\/p>\n","protected":false},"author":1,"featured_media":0,"parent":0,"menu_order":0,"comment_status":"closed","ping_status":"closed","template":"","meta":{"_et_pb_use_builder":"on","_et_pb_old_content":"","_et_gb_content_width":"","footnotes":""},"class_list":["post-216","page","type-page","status-publish","hentry"],"_links":{"self":[{"href":"https:\/\/augenoptik-christian.de\/augenoptik\/wp-json\/wp\/v2\/pages\/216","targetHints":{"allow":["GET"]}}],"collection":[{"href":"https:\/\/augenoptik-christian.de\/augenoptik\/wp-json\/wp\/v2\/pages"}],"about":[{"href":"https:\/\/augenoptik-christian.de\/augenoptik\/wp-json\/wp\/v2\/types\/page"}],"author":[{"embeddable":true,"href":"https:\/\/augenoptik-christian.de\/augenoptik\/wp-json\/wp\/v2\/users\/1"}],"replies":[{"embeddable":true,"href":"https:\/\/augenoptik-christian.de\/augenoptik\/wp-json\/wp\/v2\/comments?post=216"}],"version-history":[{"count":2,"href":"https:\/\/augenoptik-christian.de\/augenoptik\/wp-json\/wp\/v2\/pages\/216\/revisions"}],"predecessor-version":[{"id":218,"href":"https:\/\/augenoptik-christian.de\/augenoptik\/wp-json\/wp\/v2\/pages\/216\/revisions\/218"}],"wp:attachment":[{"href":"https:\/\/augenoptik-christian.de\/augenoptik\/wp-json\/wp\/v2\/media?parent=216"}],"curies":[{"name":"wp","href":"https:\/\/api.w.org\/{rel}","templated":true}]}}