{"id":318,"date":"2024-03-11T12:48:31","date_gmt":"2024-03-11T11:48:31","guid":{"rendered":"https:\/\/augenoptik-christian.de\/augenoptik\/?page_id=318"},"modified":"2024-03-11T16:12:11","modified_gmt":"2024-03-11T15:12:11","slug":"terminabsprachen","status":"publish","type":"page","link":"https:\/\/augenoptik-christian.de\/augenoptik\/terminabsprachen\/","title":{"rendered":"Terminabsprachen"},"content":{"rendered":"<p>[et_pb_section fb_built=&#8220;1&#8243; _builder_version=&#8220;4.24.2&#8243; _module_preset=&#8220;default&#8220; background_image=&#8220;https:\/\/augenoptik-christian.de\/augenoptik\/wp-content\/uploads\/2024\/03\/terminabsprache3.png&#8220; hover_enabled=&#8220;0&#8243; global_colors_info=&#8220;{}&#8220; sticky_enabled=&#8220;0&#8243; title_text=&#8220;terminabsprache3&#8243;][et_pb_row column_structure=&#8220;3_4,1_4&#8243; _builder_version=&#8220;4.24.2&#8243; _module_preset=&#8220;default&#8220; global_colors_info=&#8220;{}&#8220;][et_pb_column type=&#8220;3_4&#8243; _builder_version=&#8220;4.24.2&#8243; _module_preset=&#8220;default&#8220; global_colors_info=&#8220;{}&#8220;][et_pb_text _builder_version=&#8220;4.24.2&#8243; _module_preset=&#8220;default&#8220; text_font=&#8220;|||||on|||&#8220; global_colors_info=&#8220;{}&#8220;]<\/p>\n<h1>Terminabsprache<\/h1>\n<p>[\/et_pb_text][et_pb_text _builder_version=&#8220;4.24.2&#8243; _module_preset=&#8220;default&#8220; global_colors_info=&#8220;{}&#8220;]<\/p>\n<p>Um <strong>ausreichend Zeit<\/strong> f\u00fcr eine individuelle Messung und Fassungsberatung zu haben, bitten wir Sie um eine Terminvereinbarung.<\/p>\n<p><strong>Zum<\/strong> schauen, Brille richten, Reparaturen oder Fragen, kommen Sie gerne zu unseren \u00d6ffnungszeiten vorbei.<\/p>\n<p><em>Wir freuen uns auf Ihr kommen.<\/em><\/p>\n<blockquote>\n<p><em>Rufen Sie uns an <strong>06406 4374 <\/strong>oder f\u00fcllen Sie nachfolgendes Formular aus, Danke\u00a0<\/em><\/p>\n<\/blockquote>\n<p><em><div style=\"display:none\" class=\"fm-form-container fm-theme1\"><div id=\"fm-pages8\" class=\"fm-pages wdform_page_navigation \" show_title=\"\" show_numbers=\"1\" type=\"none\"><\/div><form name=\"form8\" action=\"\/augenoptik\/wp-json\/wp\/v2\/pages\/318\" method=\"post\" id=\"form8\" class=\"fm-form form8  \" enctype=\"multipart\/form-data\"><input type=\"hidden\" id=\"fm_page_id8\" value=\"318\" name=\"fm_page_id8\" \/><input type=\"hidden\" id=\"fm_current_post_type8\" value=\"page\" name=\"fm_current_post_type8\" \/><input type=\"hidden\" id=\"counter8\" value=\"10\" name=\"counter8\" \/><input type=\"hidden\" id=\"Itemid8\" value=\"\" name=\"Itemid8\" \/><input type=\"hidden\" id=\"fm_shake8\" value=\"1\" name=\"fm_shake8\" \/><input type=\"text\" class=\"fm-hide\" id=\"fm_empty_field_validation8\" value=\"\" name=\"fm_empty_field_validation8\" data-value=\"bd736efb144d599cf463541431fbf5c4\" \/><div class=\"wdform-page-and-images fm-form-builder\"><div id=\"8form_view1\" class=\"wdform_page\" page_title=\"Untitled page\" next_title=\"Next\" next_type=\"text\" next_class=\"wdform-page-button\" next_checkable=\"true\" previous_title=\"Previous\" previous_type=\"text\" previous_class=\"wdform-page-button\" previous_checkable=\"false\"><div class=\"wdform_section\"><div class=\"wdform_column\"><div wdid=\"2\" class=\"wdform_row\"><div type=\"type_date_new\" class=\"wdform-field wd-width-100 wd-flex wd-flex-row fm-type_date_new\" ><div class=\"wdform-label-section wd-width-30  wd-flex-row\">    <label  for=\"wdform_2_element8\" class=\"wdform-label\">Gew\u00fcnschter Beratungstermin am:<\/label><\/div><div class=\"wdform-element-section wd-flex  wd-flex-row wd-width-70\" ><input class=\"wd-width-100\" autocomplete=\"off\" onchange=\"wd_validate(this)\" data-form-id=\"8\" data-wdid=\"2\" data-valid-type=\"date\" type=\"text\" id=\"wdform_2_element8\" data-value=\"dd.mm.yy\" value=\"dd.mm.yy\" name=\"wdform_2_element8\"   \/><span id=\"fm-calendar-2\" class=\"dashicons dashicons-calendar-alt wd-calendar-button wd-hidden\"><\/span><input type=\"hidden\" class=\"hidden_date\" data-format=\"dd.mm.yy\" data-min=\"\" data-max=\"\" id=\"wdform_2_button8\" value=\"dd.mm.yy\" \/><\/div><\/div><\/div><\/div><div class=\"wdform_column\"><div wdid=\"3\" class=\"wdform_row\"><div type=\"type_radio\" class=\"wdform-field wd-width-100 wd-flex wd-flex-row fm-type_radio\" ><div class=\"wdform-label-section wd-width-30  wd-flex-wrap wd-flex-column\">    <label  class=\"wdform-label\">Tageszeit<\/label><\/div><div class=\"wdform-element-section wd-flex  wd-flex-wrap wd-flex-column wd-width-70\" ><div class=\"wd-flex wd-flex-column\"><input type=\"hidden\" name=\"wdform_3_element8\" value=\"\" \/><div class=\"radio-div wd-choice wd-flex wd-flex-row\"><input type=\"radio\"  id=\"wdform_3_element80\" name=\"wdform_3_element8\" value=\"Vormittags\" onclick=\"set_default(&quot;wdform_3&quot;,&quot;0&quot;,&quot;8&quot;); \"   \/><label class=\"wd-align-items-center wd-flex wd-flex-row\" for=\"wdform_3_element80\"><span><\/span>Vormittags<\/label><\/div><div class=\"radio-div wd-choice wd-flex wd-flex-row\"><input type=\"radio\"  id=\"wdform_3_element81\" name=\"wdform_3_element8\" value=\"Nachmittags\" onclick=\"set_default(&quot;wdform_3&quot;,&quot;1&quot;,&quot;8&quot;); \"   \/><label class=\"wd-align-items-center wd-flex wd-flex-row\" for=\"wdform_3_element81\"><span><\/span>Nachmittags<\/label><\/div><\/div><\/div><\/div><\/div><\/div><div class=\"wdform_column\"><div wdid=\"4\" class=\"wdform_row\" style=\"position: relative; left: 0px; top: 0px;\"><div type=\"type_radio\" class=\"wdform-field wd-width-100 wd-flex wd-flex-row fm-type_radio\" ><div class=\"wdform-label-section wd-width-30  wd-flex-wrap wd-flex-column\">    <label  class=\"wdform-label\">Kontaktweg<\/label><\/div><div class=\"wdform-element-section wd-flex  wd-flex-wrap wd-flex-column wd-width-70\" ><div class=\"wd-flex wd-flex-column\"><input type=\"hidden\" name=\"wdform_4_element8\" value=\"\" \/><div class=\"radio-div wd-choice wd-flex wd-flex-row\"><input type=\"radio\"  id=\"wdform_4_element80\" name=\"wdform_4_element8\" value=\"Anruf\" onclick=\"set_default(&quot;wdform_4&quot;,&quot;0&quot;,&quot;8&quot;); \"   \/><label class=\"wd-align-items-center wd-flex wd-flex-row\" for=\"wdform_4_element80\"><span><\/span>Anruf<\/label><\/div><div class=\"radio-div wd-choice wd-flex wd-flex-row\"><input type=\"radio\"  id=\"wdform_4_element81\" name=\"wdform_4_element8\" value=\"E-Mail\" onclick=\"set_default(&quot;wdform_4&quot;,&quot;1&quot;,&quot;8&quot;); \"   \/><label class=\"wd-align-items-center wd-flex wd-flex-row\" for=\"wdform_4_element81\"><span><\/span>E-Mail<\/label><\/div><\/div><\/div><\/div><\/div><\/div><div class=\"wdform_column\"><div wdid=\"5\" class=\"wdform_row\"><div type=\"type_submitter_mail\" class=\"wdform-field wd-width-100 wd-flex wd-flex-row fm-type_submitter_mail\" ><div class=\"wdform-label-section wd-width-30  wd-flex-row\">    <label  for=\"wdform_5_element8\" class=\"wdform-label\">Meine E-Mail <\/label><\/div><div class=\"wdform-element-section wd-flex  wd-flex-row wd-width-70\" ><input type=\"text\" class=\"wd-width-100\" id=\"wdform_5_element8\" name=\"wdform_5_element8\" data-value=\"\" value=\"\" title=\"\" placeholder=\"\"   onchange=\"wd_check_email('5', '8', 'Dies ist keine g\u00fcltige E-Mail-Adresse.')\" \/><\/div><\/div><\/div><\/div><div class=\"wdform_column\"><div wdid=\"6\" class=\"wdform_row\"><div type=\"type_phone_new\" class=\"wdform-field wd-width-100 wd-flex wd-flex-row fm-type_phone_new\" ><div class=\"wdform-label-section wd-width-30 \">    <label  for=\"wdform_6_element8\" class=\"wdform-label\">Meine Telefonnummer<\/label><\/div><div class=\"wdform-element-section wd-flex  wd-width-70\" ><input type=\"text\"                       class=\"wd-width-100\"                       id=\"wdform_6_element8\"                       name=\"wdform_6_element8\"                       value=\"\"                       data-value=\"\"                       placeholder=\"\"  \/><\/div><\/div><\/div><\/div><div class=\"wdform_column\"><div wdid=\"7\" class=\"wdform_row\"><div type=\"type_name\" class=\"wdform-field wd-width-100 wd-flex wd-flex-row fm-type_name\" ><div class=\"wdform-label-section wd-width-30  wd-flex-row\">    <label  for=\"wdform_7_element_first8\" class=\"wdform-label\">Name<\/label><\/div><div class=\"wdform-element-section wd-flex  wd-flex-row wd-width-70\" ><div class=\"wd-flex wd-flex-column wd-width-50\"><input type=\"text\" class=\"wd-width-100\" id=\"wdform_7_element_first8\" name=\"wdform_7_element_first8\" data-value=\"\" value=\"\" title=\"\" placeholder=\"\"  \/><label class=\"mini_label\" for=\"wdform_7_element_first8\">Vorname<\/label><\/div><div class=\"wd-flex wd-flex-column wd-name-separator\"><\/div><div class=\"wd-flex wd-flex-column wd-width-50\"><input type=\"text\" class=\"wd-width-100\" id=\"wdform_7_element_last8\" name=\"wdform_7_element_last8\" data-value=\"\" value=\"\" title=\"\" placeholder=\"\"  \/><label class=\"mini_label\" for=\"wdform_7_element_last8\">Nachname<\/label><\/div><\/div><\/div><\/div><\/div><div class=\"wdform_column\"><div wdid=\"8\" class=\"wdform_row\"><div type=\"type_editor\" class=\"wdform-field\"><p>Bitte haben Sie Verst\u00e4ndnis, das wir Ihren Terminwunsch best\u00e4tigen m\u00fcssen.<\/p><\/div><\/div><\/div><div class=\"wdform_column\"><div wdid=\"9\" class=\"wdform_row\"><div type=\"type_captcha\" class=\"wdform-field wd-width-100 wd-flex wd-flex-row fm-type_captcha\" ><div class=\"wdform-label-section wd-width-30  wd-flex-row wd-align-items-center\">    <label  for=\"wd_captcha_input8\" class=\"wdform-label\">Sicherheitscode<\/label><\/div><div class=\"wdform-element-section wd-flex  wd-flex-row wd-align-items-center wd-width-70\" ><img decoding=\"async\" type=\"captcha\"                           digit=\"6\"                           src=\" https:\/\/augenoptik-christian.de\/augenoptik\/wp-admin\/admin-ajax.php?action=formmakerwdcaptcha&digit=6&i=8\"                           id=\"wd_captcha8\"                           class=\"captcha_img wd-hidden\"                            \/><div class=\"captcha_refresh\" id=\"_element_refresh8\" ><\/div><input type=\"text\"                              class=\"captcha_input\"                              id=\"wd_captcha_input8\"                              name=\"captcha_input\"                              style=\"width: 80px;\"                               \/><\/div><\/div><\/div><\/div><div class=\"wdform_column\"><div wdid=\"1\" class=\"wdform_row\" style=\"position: relative; left: 0px; top: 0px;\"><div type=\"type_submit_reset\" class=\"wdform-field wd-width-100 wd-flex wd-flex-column fm-type_submit_reset\" ><div class=\"wdform-element-section wd-flex  wd-flex-row wd-justify-content-left wd-width-100\" ><button  type=\"button\" class=\"button-submit\" onclick=\"fm_submit_form('8');\"  data-ajax=\"0\"><span class=\"fm-submit-loading spinner fm-ico-spinner\"><\/span>Senden<\/button><button  type=\"button\" class=\"button-reset \" onclick=\"fm_reset_form(8);\" >Verwerfen<\/button><\/div><\/div><\/div><\/div><\/div><div valign=\"top\" class=\"wdform_footer wd-width-100\"><div class=\"wd-width-100\"><div class=\"wd-width-100 wd-table\" style=\"padding-top:10px;\"><div class=\"wd-table-group\"><div id=\"8page_nav1\" class=\"wd-table-row\"><\/div><\/div><\/div><\/div><\/div><\/div><\/div><div class=\"wdform_preload\"><\/div><input type=\"hidden\" name=\"fm-current-page\" value=\"https:\/\/augenoptik-christian.de\/augenoptik\/wp-json\/wp\/v2\/pages\/318\" \/><\/form><\/div><\/em><\/p>\n<p>[\/et_pb_text][\/et_pb_column][et_pb_column type=&#8220;1_4&#8243; _builder_version=&#8220;4.24.2&#8243; _module_preset=&#8220;default&#8220; global_colors_info=&#8220;{}&#8220;][et_pb_sidebar _builder_version=&#8220;4.24.2&#8243; _module_preset=&#8220;default&#8220; global_colors_info=&#8220;{}&#8220;][\/et_pb_sidebar][\/et_pb_column][\/et_pb_row][\/et_pb_section]<\/p>\n","protected":false},"excerpt":{"rendered":"<p>TerminabspracheUm ausreichend Zeit f\u00fcr eine individuelle Messung und Fassungsberatung zu haben, bitten wir Sie um eine Terminvereinbarung. Zum schauen, Brille richten, Reparaturen oder Fragen, kommen Sie gerne zu unseren \u00d6ffnungszeiten vorbei. Wir freuen uns auf Ihr kommen. Rufen Sie uns an 06406 4374 oder f\u00fcllen Sie nachfolgendes Formular aus, Danke\u00a0 <div style=\"display:none\" class=\"fm-form-container fm-theme1\"><div id=\"fm-pages8\" class=\"fm-pages wdform_page_navigation \" show_title=\"\" show_numbers=\"1\" type=\"none\"><\/div><form name=\"form8\" action=\"\/augenoptik\/wp-json\/wp\/v2\/pages\/318\" method=\"post\" id=\"form8\" class=\"fm-form form8  \" enctype=\"multipart\/form-data\"><input type=\"hidden\" id=\"fm_page_id8\" value=\"318\" name=\"fm_page_id8\" \/><input type=\"hidden\" id=\"fm_current_post_type8\" value=\"page\" name=\"fm_current_post_type8\" \/><input type=\"hidden\" id=\"counter8\" value=\"10\" name=\"counter8\" \/><input type=\"hidden\" id=\"Itemid8\" value=\"\" name=\"Itemid8\" \/><input type=\"hidden\" id=\"fm_shake8\" value=\"1\" name=\"fm_shake8\" \/><input type=\"text\" class=\"fm-hide\" id=\"fm_empty_field_validation8\" value=\"\" name=\"fm_empty_field_validation8\" data-value=\"bd736efb144d599cf463541431fbf5c4\" \/><div class=\"wdform-page-and-images fm-form-builder\"><div id=\"8form_view1\" class=\"wdform_page\" page_title=\"Untitled page\" next_title=\"Next\" next_type=\"text\" next_class=\"wdform-page-button\" next_checkable=\"true\" previous_title=\"Previous\" previous_type=\"text\" previous_class=\"wdform-page-button\" previous_checkable=\"false\"><div class=\"wdform_section\"><div class=\"wdform_column\"><div wdid=\"2\" class=\"wdform_row\"><div type=\"type_date_new\" class=\"wdform-field wd-width-100 wd-flex wd-flex-row fm-type_date_new\" ><div class=\"wdform-label-section wd-width-30  wd-flex-row\">    <label  for=\"wdform_2_element8\" class=\"wdform-label\">Gew\u00fcnschter Beratungstermin am:<\/label><\/div><div class=\"wdform-element-section wd-flex  wd-flex-row wd-width-70\" ><input class=\"wd-width-100\" autocomplete=\"off\" onchange=\"wd_validate(this)\" data-form-id=\"8\" data-wdid=\"2\" data-valid-type=\"date\" type=\"text\" id=\"wdform_2_element8\" data-value=\"dd.mm.yy\" value=\"dd.mm.yy\" name=\"wdform_2_element8\"   \/><span id=\"fm-calendar-2\" class=\"dashicons dashicons-calendar-alt wd-calendar-button wd-hidden\"><\/span><input type=\"hidden\" class=\"hidden_date\" data-format=\"dd.mm.yy\" data-min=\"\" data-max=\"\" id=\"wdform_2_button8\" value=\"dd.mm.yy\" \/><\/div><\/div><\/div><\/div><div class=\"wdform_column\"><div wdid=\"3\" class=\"wdform_row\"><div type=\"type_radio\" class=\"wdform-field wd-width-100 wd-flex wd-flex-row fm-type_radio\" ><div class=\"wdform-label-section wd-width-30  wd-flex-wrap wd-flex-column\">    <label  class=\"wdform-label\">Tageszeit<\/label><\/div><div class=\"wdform-element-section wd-flex  wd-flex-wrap wd-flex-column wd-width-70\" ><div class=\"wd-flex wd-flex-column\"><input type=\"hidden\" name=\"wdform_3_element8\" value=\"\" \/><div class=\"radio-div wd-choice wd-flex wd-flex-row\"><input type=\"radio\"  id=\"wdform_3_element80\" name=\"wdform_3_element8\" value=\"Vormittags\" onclick=\"set_default(&quot;wdform_3&quot;,&quot;0&quot;,&quot;8&quot;); \"   \/><label class=\"wd-align-items-center wd-flex wd-flex-row\" for=\"wdform_3_element80\"><span><\/span>Vormittags<\/label><\/div><div class=\"radio-div wd-choice wd-flex wd-flex-row\"><input type=\"radio\"  id=\"wdform_3_element81\" name=\"wdform_3_element8\" value=\"Nachmittags\" onclick=\"set_default(&quot;wdform_3&quot;,&quot;1&quot;,&quot;8&quot;); \"   \/><label class=\"wd-align-items-center wd-flex wd-flex-row\" for=\"wdform_3_element81\"><span><\/span>Nachmittags<\/label><\/div><\/div><\/div><\/div><\/div><\/div><div class=\"wdform_column\"><div wdid=\"4\" class=\"wdform_row\" style=\"position: relative; left: 0px; top: 0px;\"><div type=\"type_radio\" class=\"wdform-field wd-width-100 wd-flex wd-flex-row fm-type_radio\" ><div class=\"wdform-label-section wd-width-30  wd-flex-wrap wd-flex-column\">    <label  class=\"wdform-label\">Kontaktweg<\/label><\/div><div class=\"wdform-element-section wd-flex  wd-flex-wrap wd-flex-column wd-width-70\" ><div class=\"wd-flex wd-flex-column\"><input type=\"hidden\" name=\"wdform_4_element8\" value=\"\" \/><div class=\"radio-div wd-choice wd-flex wd-flex-row\"><input type=\"radio\"  id=\"wdform_4_element80\" name=\"wdform_4_element8\" value=\"Anruf\" onclick=\"set_default(&quot;wdform_4&quot;,&quot;0&quot;,&quot;8&quot;); \"   \/><label class=\"wd-align-items-center wd-flex wd-flex-row\" for=\"wdform_4_element80\"><span><\/span>Anruf<\/label><\/div><div class=\"radio-div wd-choice wd-flex wd-flex-row\"><input type=\"radio\"  id=\"wdform_4_element81\" name=\"wdform_4_element8\" value=\"E-Mail\" onclick=\"set_default(&quot;wdform_4&quot;,&quot;1&quot;,&quot;8&quot;); \"   \/><label class=\"wd-align-items-center wd-flex wd-flex-row\" for=\"wdform_4_element81\"><span><\/span>E-Mail<\/label><\/div><\/div><\/div><\/div><\/div><\/div><div class=\"wdform_column\"><div wdid=\"5\" class=\"wdform_row\"><div type=\"type_submitter_mail\" class=\"wdform-field wd-width-100 wd-flex wd-flex-row fm-type_submitter_mail\" ><div class=\"wdform-label-section wd-width-30  wd-flex-row\">    <label  for=\"wdform_5_element8\" class=\"wdform-label\">Meine E-Mail <\/label><\/div><div class=\"wdform-element-section wd-flex  wd-flex-row wd-width-70\" ><input type=\"text\" class=\"wd-width-100\" id=\"wdform_5_element8\" name=\"wdform_5_element8\" data-value=\"\" value=\"\" title=\"\" placeholder=\"\"   onchange=\"wd_check_email('5', '8', 'Dies ist keine g\u00fcltige E-Mail-Adresse.')\" \/><\/div><\/div><\/div><\/div><div class=\"wdform_column\"><div wdid=\"6\" class=\"wdform_row\"><div type=\"type_phone_new\" class=\"wdform-field wd-width-100 wd-flex wd-flex-row fm-type_phone_new\" ><div class=\"wdform-label-section wd-width-30 \">    <label  for=\"wdform_6_element8\" class=\"wdform-label\">Meine Telefonnummer<\/label><\/div><div class=\"wdform-element-section wd-flex  wd-width-70\" ><input type=\"text\"                       class=\"wd-width-100\"                       id=\"wdform_6_element8\"                       name=\"wdform_6_element8\"                       value=\"\"                       data-value=\"\"                       placeholder=\"\"  \/><\/div><\/div><\/div><\/div><div class=\"wdform_column\"><div wdid=\"7\" class=\"wdform_row\"><div type=\"type_name\" class=\"wdform-field wd-width-100 wd-flex wd-flex-row fm-type_name\" ><div class=\"wdform-label-section wd-width-30  wd-flex-row\">    <label  for=\"wdform_7_element_first8\" class=\"wdform-label\">Name<\/label><\/div><div class=\"wdform-element-section wd-flex  wd-flex-row wd-width-70\" ><div class=\"wd-flex wd-flex-column wd-width-50\"><input type=\"text\" class=\"wd-width-100\" id=\"wdform_7_element_first8\" name=\"wdform_7_element_first8\" data-value=\"\" value=\"\" title=\"\" placeholder=\"\"  \/><label class=\"mini_label\" for=\"wdform_7_element_first8\">Vorname<\/label><\/div><div class=\"wd-flex wd-flex-column wd-name-separator\"><\/div><div class=\"wd-flex wd-flex-column wd-width-50\"><input type=\"text\" class=\"wd-width-100\" id=\"wdform_7_element_last8\" name=\"wdform_7_element_last8\" data-value=\"\" value=\"\" title=\"\" placeholder=\"\"  \/><label class=\"mini_label\" for=\"wdform_7_element_last8\">Nachname<\/label><\/div><\/div><\/div><\/div><\/div><div class=\"wdform_column\"><div wdid=\"8\" class=\"wdform_row\"><div type=\"type_editor\" class=\"wdform-field\"><p>Bitte haben Sie Verst\u00e4ndnis, das wir Ihren Terminwunsch best\u00e4tigen m\u00fcssen.<\/p><\/div><\/div><\/div><div class=\"wdform_column\"><div wdid=\"9\" class=\"wdform_row\"><div type=\"type_captcha\" class=\"wdform-field wd-width-100 wd-flex wd-flex-row fm-type_captcha\" ><div class=\"wdform-label-section wd-width-30  wd-flex-row wd-align-items-center\">    <label  for=\"wd_captcha_input8\" class=\"wdform-label\">Sicherheitscode<\/label><\/div><div class=\"wdform-element-section wd-flex  wd-flex-row wd-align-items-center wd-width-70\" ><img decoding=\"async\" type=\"captcha\"                           digit=\"6\"                           src=\" https:\/\/augenoptik-christian.de\/augenoptik\/wp-admin\/admin-ajax.php?action=formmakerwdcaptcha&digit=6&i=8\"                           id=\"wd_captcha8\"                           class=\"captcha_img wd-hidden\"                            \/><div class=\"captcha_refresh\" id=\"_element_refresh8\" ><\/div><input type=\"text\"                              class=\"captcha_input\"                              id=\"wd_captcha_input8\"                              name=\"captcha_input\"                              style=\"width: 80px;\"                               \/><\/div><\/div><\/div><\/div><div class=\"wdform_column\"><div wdid=\"1\" class=\"wdform_row\" style=\"position: relative; left: 0px; top: 0px;\"><div type=\"type_submit_reset\" class=\"wdform-field wd-width-100 wd-flex wd-flex-column fm-type_submit_reset\" ><div class=\"wdform-element-section wd-flex  wd-flex-row wd-justify-content-left wd-width-100\" ><button  type=\"button\" class=\"button-submit\" onclick=\"fm_submit_form('8');\"  data-ajax=\"0\"><span class=\"fm-submit-loading spinner fm-ico-spinner\"><\/span>Senden<\/button><button  type=\"button\" class=\"button-reset \" onclick=\"fm_reset_form(8);\" >Verwerfen<\/button><\/div><\/div><\/div><\/div><\/div><div valign=\"top\" class=\"wdform_footer wd-width-100\"><div class=\"wd-width-100\"><div class=\"wd-width-100 wd-table\" style=\"padding-top:10px;\"><div class=\"wd-table-group\"><div id=\"8page_nav1\" class=\"wd-table-row\"><\/div><\/div><\/div><\/div><\/div><\/div><\/div><div class=\"wdform_preload\"><\/div><input type=\"hidden\" name=\"fm-current-page\" value=\"https:\/\/augenoptik-christian.de\/augenoptik\/wp-json\/wp\/v2\/pages\/318\" \/><\/form><\/div><\/p>\n","protected":false},"author":1,"featured_media":0,"parent":0,"menu_order":0,"comment_status":"closed","ping_status":"closed","template":"","meta":{"_et_pb_use_builder":"on","_et_pb_old_content":"","_et_gb_content_width":"","footnotes":""},"class_list":["post-318","page","type-page","status-publish","hentry"],"_links":{"self":[{"href":"https:\/\/augenoptik-christian.de\/augenoptik\/wp-json\/wp\/v2\/pages\/318","targetHints":{"allow":["GET"]}}],"collection":[{"href":"https:\/\/augenoptik-christian.de\/augenoptik\/wp-json\/wp\/v2\/pages"}],"about":[{"href":"https:\/\/augenoptik-christian.de\/augenoptik\/wp-json\/wp\/v2\/types\/page"}],"author":[{"embeddable":true,"href":"https:\/\/augenoptik-christian.de\/augenoptik\/wp-json\/wp\/v2\/users\/1"}],"replies":[{"embeddable":true,"href":"https:\/\/augenoptik-christian.de\/augenoptik\/wp-json\/wp\/v2\/comments?post=318"}],"version-history":[{"count":10,"href":"https:\/\/augenoptik-christian.de\/augenoptik\/wp-json\/wp\/v2\/pages\/318\/revisions"}],"predecessor-version":[{"id":341,"href":"https:\/\/augenoptik-christian.de\/augenoptik\/wp-json\/wp\/v2\/pages\/318\/revisions\/341"}],"wp:attachment":[{"href":"https:\/\/augenoptik-christian.de\/augenoptik\/wp-json\/wp\/v2\/media?parent=318"}],"curies":[{"name":"wp","href":"https:\/\/api.w.org\/{rel}","templated":true}]}}